{"id":999956466,"date":"2021-05-07T13:44:34","date_gmt":"2021-05-07T13:44:34","guid":{"rendered":"https:\/\/b2b.nod.ro\/blog\/?page_id=999956466"},"modified":"2024-03-13T15:39:11","modified_gmt":"2024-03-13T15:39:11","slug":"shop-live-demo","status":"publish","type":"page","link":"https:\/\/shop.nod.ro\/blog\/prezentare\/shop-live-demo\/","title":{"rendered":"Shop live demo"},"content":{"rendered":"<p>{&#8220;main-title&#8221;:{&#8220;component&#8221;:&#8221;hc_title&#8221;,&#8221;id&#8221;:&#8221;main-title&#8221;,&#8221;title&#8221;:&#8221;Shop live demo&#8221;,&#8221;subtitle&#8221;:&#8221;Testeaza un shop live demo&#8221;,&#8221;title_content&#8221;:{&#8220;component&#8221;:&#8221;hc_title_base&#8221;,&#8221;id&#8221;:&#8221;title-base&#8221;,&#8221;image&#8221;:&#8221;&#8221;,&#8221;breadcrumbs&#8221;:true,&#8221;white&#8221;:true}},&#8221;section_5ZtkF&#8221;:{&#8220;component&#8221;:&#8221;hc_section&#8221;,&#8221;id&#8221;:&#8221;section_5ZtkF&#8221;,&#8221;section_width&#8221;:&#8221;&#8221;,&#8221;animation&#8221;:&#8221;&#8221;,&#8221;animation_time&#8221;:&#8221;&#8221;,&#8221;timeline_animation&#8221;:&#8221;&#8221;,&#8221;timeline_delay&#8221;:&#8221;&#8221;,&#8221;timeline_order&#8221;:&#8221;&#8221;,&#8221;vertical_row&#8221;:&#8221;&#8221;,&#8221;box_middle&#8221;:&#8221;&#8221;,&#8221;css_classes&#8221;:&#8221;&#8221;,&#8221;custom_css_classes&#8221;:&#8221;&#8221;,&#8221;custom_css_styles&#8221;:&#8221;&#8221;,&#8221;section_content&#8221;:[{&#8220;component&#8221;:&#8221;hc_column&#8221;,&#8221;id&#8221;:&#8221;column_zUhq1&#8243;,&#8221;column_width&#8221;:&#8221;col-md-12&#8243;,&#8221;animation&#8221;:&#8221;&#8221;,&#8221;animation_time&#8221;:&#8221;&#8221;,&#8221;timeline_animation&#8221;:&#8221;&#8221;,&#8221;timeline_delay&#8221;:&#8221;&#8221;,&#8221;timeline_order&#8221;:&#8221;&#8221;,&#8221;css_classes&#8221;:&#8221;&#8221;,&#8221;custom_css_classes&#8221;:&#8221;&#8221;,&#8221;custom_css_styles&#8221;:&#8221;&#8221;,&#8221;main_content&#8221;:[{&#8220;component&#8221;:&#8221;hc_title_tag&#8221;,&#8221;id&#8221;:&#8221;MQp4b&#8221;,&#8221;css_classes&#8221;:&#8221;&#8221;,&#8221;custom_css_classes&#8221;:&#8221;&#8221;,&#8221;custom_css_styles&#8221;:&#8221;&#8221;,&#8221;text&#8221;:&#8221;Pentru a interactiona mai bine si pentru o buna intelegere a serviciilor oferite puteti accesa live un Demo Shop la cheie&#8221;,&#8221;tag&#8221;:&#8221;h4&#8243;},{&#8220;component&#8221;:&#8221;hc_text_block&#8221;,&#8221;id&#8221;:&#8221;BeSeV&#8221;,&#8221;css_classes&#8221;:&#8221;&#8221;,&#8221;custom_css_classes&#8221;:&#8221;&#8221;,&#8221;custom_css_styles&#8221;:&#8221;&#8221;,&#8221;content&#8221;:&#8221;De retinut! La un interval de 24h Contul Demo este restaurat. Toate actiunile dumneavoastra sunt resetate.\\nContul Demo este conectat la un cont WebShop de test, se pot plasa comenzi pentru a urmari cu exactitate procesul, comenzile plasate nu o sa fie onorate.\\nPentru procesul de facturare este disponibil un cont de test SmartBill .\\n\\n&#8221;},{&#8220;component&#8221;:&#8221;hc_button&#8221;,&#8221;id&#8221;:&#8221;SDz35&#8243;,&#8221;css_classes&#8221;:&#8221;&#8221;,&#8221;custom_css_classes&#8221;:&#8221;&#8221;,&#8221;custom_css_styles&#8221;:&#8221;&#8221;,&#8221;icon&#8221;:&#8221;fa fa-internet-explorer&#8221;,&#8221;style&#8221;:&#8221;square&#8221;,&#8221;size&#8221;:&#8221;btn-lg&#8221;,&#8221;position&#8221;:&#8221;left&#8221;,&#8221;animation&#8221;:false,&#8221;text&#8221;:&#8221;Demo Shop&#8221;,&#8221;link_type&#8221;:&#8221;classic&#8221;,&#8221;lightbox_animation&#8221;:&#8221;&#8221;,&#8221;caption&#8221;:&#8221;&#8221;,&#8221;inner_caption&#8221;:false,&#8221;new_window&#8221;:true,&#8221;link&#8221;:&#8221;https:\/\/demo-intern.ecommerce.nod.ro\/&#8221;,&#8221;link_content&#8221;:[],&#8221;lightbox_size&#8221;:&#8221;&#8221;,&#8221;scrollbox&#8221;:false},{&#8220;component&#8221;:&#8221;hc_space&#8221;,&#8221;id&#8221;:&#8221;8R8AC&#8221;,&#8221;css_classes&#8221;:&#8221;&#8221;,&#8221;custom_css_classes&#8221;:&#8221;&#8221;,&#8221;custom_css_styles&#8221;:&#8221;&#8221;,&#8221;size&#8221;:&#8221;&#8221;,&#8221;height&#8221;:&#8221;&#8221;},{&#8220;component&#8221;:&#8221;hc_title_tag&#8221;,&#8221;id&#8221;:&#8221;l30cg&#8221;,&#8221;css_classes&#8221;:&#8221;&#8221;,&#8221;custom_css_classes&#8221;:&#8221;&#8221;,&#8221;custom_css_styles&#8221;:&#8221;&#8221;,&#8221;text&#8221;:&#8221;Daca doriti acces de administrator pentru contul Demo, va rugam sa completati urmatorul formular.&#8221;,&#8221;tag&#8221;:&#8221;h4&#8243;},{&#8220;component&#8221;:&#8221;hc_contact_form&#8221;,&#8221;id&#8221;:&#8221;UtNtN&#8221;,&#8221;css_classes&#8221;:&#8221;&#8221;,&#8221;custom_css_classes&#8221;:&#8221;&#8221;,&#8221;custom_css_styles&#8221;:&#8221;&#8221;,&#8221;rows&#8221;:[{&#8220;component&#8221;:&#8221;repeater_item&#8221;,&#8221;id&#8221;:&#8221;0sTk7&#8243;,&#8221;input_type&#8221;:&#8221;text&#8221;,&#8221;column&#8221;:&#8221;col-md-12&#8243;,&#8221;required&#8221;:false,&#8221;text&#8221;:&#8221;Nume&#8221;},{&#8220;component&#8221;:&#8221;repeater_item&#8221;,&#8221;id&#8221;:&#8221;s1yTW&#8221;,&#8221;input_type&#8221;:&#8221;email&#8221;,&#8221;column&#8221;:&#8221;col-md-12&#8243;,&#8221;required&#8221;:false,&#8221;text&#8221;:&#8221;Email&#8221;},{&#8220;component&#8221;:&#8221;repeater_item&#8221;,&#8221;id&#8221;:&#8221;WfNYI&#8221;,&#8221;input_type&#8221;:&#8221;text&#8221;,&#8221;column&#8221;:&#8221;col-md-12&#8243;,&#8221;required&#8221;:false,&#8221;text&#8221;:&#8221;Companie&#8221;}],&#8221;recipient_email&#8221;:&#8221;ecommerce@nod.ro&#8221;,&#8221;subject&#8221;:&#8221;Cerere acces Demo Shop&#8221;,&#8221;label&#8221;:true,&#8221;placeholder&#8221;:true,&#8221;button_text&#8221;:&#8221;Trimite&#8221;,&#8221;button_style&#8221;:&#8221;square&#8221;,&#8221;button_dimensions&#8221;:&#8221;&#8221;,&#8221;button_animation&#8221;:false,&#8221;button_position&#8221;:&#8221;left&#8221;,&#8221;button_icon&#8221;:&#8221;&#8221;,&#8221;checkbox&#8221;:&#8221;&#8221;,&#8221;success_message&#8221;:&#8221;Felicit\u0103ri. mesajul dumneavostr\u0103 a fost trimis cu succes&#8221;,&#8221;error_message&#8221;:&#8221;Eroare, \u00eencerca\u021bi din nou. Mesajul dvs. nu a fost trimis.&#8221;}]},{&#8220;component&#8221;:&#8221;hc_column&#8221;,&#8221;id&#8221;:&#8221;column_0AUh3&#8243;,&#8221;column_width&#8221;:&#8221;col-md-12&#8243;,&#8221;animation&#8221;:&#8221;&#8221;,&#8221;animation_time&#8221;:&#8221;&#8221;,&#8221;timeline_animation&#8221;:&#8221;&#8221;,&#8221;timeline_delay&#8221;:&#8221;&#8221;,&#8221;timeline_order&#8221;:&#8221;&#8221;,&#8221;css_classes&#8221;:&#8221;&#8221;,&#8221;custom_css_classes&#8221;:&#8221;&#8221;,&#8221;custom_css_styles&#8221;:&#8221;&#8221;,&#8221;main_content&#8221;:[]}],&#8221;section_settings&#8221;:&#8221;&#8221;},&#8221;scripts&#8221;:{&#8220;contact_form&#8221;:&#8221;php\/contact-form.js&#8221;,&#8221;datepicker&#8221;:&#8221;php\/datepicker.min.js&#8221;},&#8221;css&#8221;:{&#8220;contact_form&#8221;:&#8221;scripts\/php\/contact-form.css&#8221;},&#8221;css_page&#8221;:&#8221;&#8221;,&#8221;template_setting&#8221;:{&#8220;settings&#8221;:{&#8220;id&#8221;:&#8221;settings&#8221;}},&#8221;template_setting_top&#8221;:{},&#8221;page_setting&#8221;:{&#8220;settings&#8221;:[&#8220;lock-mode-off&#8221;]}}<\/p>\n","protected":false},"excerpt":{"rendered":"<p>{&#8220;main-title&#8221;:{&#8220;component&#8221;:&#8221;hc_title&#8221;,&#8221;id&#8221;:&#8221;main-title&#8221;,&#8221;title&#8221;:&#8221;Shop live demo&#8221;,&#8221;subtitle&#8221;:&#8221;Testeaza un shop live demo&#8221;,&#8221;title_content&#8221;:{&#8220;component&#8221;:&#8221;hc_title_base&#8221;,&#8221;id&#8221;:&#8221;title-base&#8221;,&#8221;image&#8221;:&#8221;&#8221;,&#8221;breadcrumbs&#8221;:true,&#8221;white&#8221;:true}},&#8221;section_5ZtkF&#8221;:{&#8220;component&#8221;:&#8221;hc_section&#8221;,&#8221;id&#8221;:&#8221;section_5ZtkF&#8221;,&#8221;section_width&#8221;:&#8221;&#8221;,&#8221;animation&#8221;:&#8221;&#8221;,&#8221;animation_time&#8221;:&#8221;&#8221;,&#8221;timeline_animation&#8221;:&#8221;&#8221;,&#8221;timeline_delay&#8221;:&#8221;&#8221;,&#8221;timeline_order&#8221;:&#8221;&#8221;,&#8221;vertical_row&#8221;:&#8221;&#8221;,&#8221;box_middle&#8221;:&#8221;&#8221;,&#8221;css_classes&#8221;:&#8221;&#8221;,&#8221;custom_css_classes&#8221;:&#8221;&#8221;,&#8221;custom_css_styles&#8221;:&#8221;&#8221;,&#8221;section_content&#8221;:[{&#8220;component&#8221;:&#8221;hc_column&#8221;,&#8221;id&#8221;:&#8221;column_zUhq1&#8243;,&#8221;column_width&#8221;:&#8221;col-md-12&#8243;,&#8221;animation&#8221;:&#8221;&#8221;,&#8221;animation_time&#8221;:&#8221;&#8221;,&#8221;timeline_animation&#8221;:&#8221;&#8221;,&#8221;timeline_delay&#8221;:&#8221;&#8221;,&#8221;timeline_order&#8221;:&#8221;&#8221;,&#8221;css_classes&#8221;:&#8221;&#8221;,&#8221;custom_css_classes&#8221;:&#8221;&#8221;,&#8221;custom_css_styles&#8221;:&#8221;&#8221;,&#8221;main_content&#8221;:[{&#8220;component&#8221;:&#8221;hc_title_tag&#8221;,&#8221;id&#8221;:&#8221;MQp4b&#8221;,&#8221;css_classes&#8221;:&#8221;&#8221;,&#8221;custom_css_classes&#8221;:&#8221;&#8221;,&#8221;custom_css_styles&#8221;:&#8221;&#8221;,&#8221;text&#8221;:&#8221;Pentru a interactiona mai bine si pentru o buna intelegere a serviciilor oferite puteti accesa live un Demo Shop la cheie&#8221;,&#8221;tag&#8221;:&#8221;h4&#8243;},{&#8220;component&#8221;:&#8221;hc_text_block&#8221;,&#8221;id&#8221;:&#8221;BeSeV&#8221;,&#8221;css_classes&#8221;:&#8221;&#8221;,&#8221;custom_css_classes&#8221;:&#8221;&#8221;,&#8221;custom_css_styles&#8221;:&#8221;&#8221;,&#8221;content&#8221;:&#8221;De retinut! La un interval de 24h Contul Demo este restaurat. Toate actiunile dumneavoastra sunt resetate.\\nContul Demo este conectat la un cont WebShop de test, se pot plasa comenzi [&hellip;]<\/p>\n","protected":false},"author":1,"featured_media":0,"parent":361,"menu_order":0,"comment_status":"closed","ping_status":"closed","template":"","meta":{"footnotes":""},"class_list":["post-999956466","page","type-page","status-publish","hentry"],"_links":{"self":[{"href":"https:\/\/shop.nod.ro\/blog\/wp-json\/wp\/v2\/pages\/999956466","targetHints":{"allow":["GET"]}}],"collection":[{"href":"https:\/\/shop.nod.ro\/blog\/wp-json\/wp\/v2\/pages"}],"about":[{"href":"https:\/\/shop.nod.ro\/blog\/wp-json\/wp\/v2\/types\/page"}],"author":[{"embeddable":true,"href":"https:\/\/shop.nod.ro\/blog\/wp-json\/wp\/v2\/users\/1"}],"replies":[{"embeddable":true,"href":"https:\/\/shop.nod.ro\/blog\/wp-json\/wp\/v2\/comments?post=999956466"}],"version-history":[{"count":111,"href":"https:\/\/shop.nod.ro\/blog\/wp-json\/wp\/v2\/pages\/999956466\/revisions"}],"predecessor-version":[{"id":999960149,"href":"https:\/\/shop.nod.ro\/blog\/wp-json\/wp\/v2\/pages\/999956466\/revisions\/999960149"}],"up":[{"embeddable":true,"href":"https:\/\/shop.nod.ro\/blog\/wp-json\/wp\/v2\/pages\/361"}],"wp:attachment":[{"href":"https:\/\/shop.nod.ro\/blog\/wp-json\/wp\/v2\/media?parent=999956466"}],"curies":[{"name":"wp","href":"https:\/\/api.w.org\/{rel}","templated":true}]}}